{"id":1719,"date":"2016-06-09T08:18:33","date_gmt":"2016-06-09T07:18:33","guid":{"rendered":"https:\/\/www.eppowereurope.cz\/en\/?page_id=1719"},"modified":"2016-07-11T13:54:54","modified_gmt":"2016-07-11T12:54:54","slug":"tender-overview","status":"publish","type":"page","link":"https:\/\/www.eppowereurope.cz\/en\/tender-overview\/","title":{"rendered":"Tender overview"},"content":{"rendered":"<p class=\"p1\">\n<p>Tenders organized by EP Power Europe companies are published on web pages of Energetick\u00fd a pr\u016fmyslov\u00fd holding (EPH).<\/p>\n<p>By clicking at the button below, you will be redirected via new window on EPH pages, Supplier section, Tender overview.<\/p>\n<p class=\"p1\" style=\"text-align: center;\"><a class=\"btn btn-default\" href=\"http:\/\/www.epholding.cz\/en\/suppliers\/\" target=\"_blank\">EPH Tender overview<\/a><\/p>\n","protected":false},"excerpt":{"rendered":"<p>Tenders organized by EP Power Europe companies are published on web pages of Energetick\u00fd a pr\u016fmyslov\u00fd holding (EPH). By clicking at the button below, you will be redirected via new window on EPH pages, Supplier section, Tender overview. EPH Tender overview<\/p>\n","protected":false},"author":16,"featured_media":1833,"parent":0,"menu_order":19,"comment_status":"closed","ping_status":"closed","template":"tpl-full-width-nejnizsi.php","meta":{"_acf_changed":false,"_monsterinsights_skip_tracking":false,"_monsterinsights_sitenote_active":false,"_monsterinsights_sitenote_note":"","_monsterinsights_sitenote_category":0,"footnotes":""},"class_list":["post-1719","page","type-page","status-publish","has-post-thumbnail","hentry"],"acf":[],"_links":{"self":[{"href":"https:\/\/www.eppowereurope.cz\/en\/wp-json\/wp\/v2\/pages\/1719"}],"collection":[{"href":"https:\/\/www.eppowereurope.cz\/en\/wp-json\/wp\/v2\/pages"}],"about":[{"href":"https:\/\/www.eppowereurope.cz\/en\/wp-json\/wp\/v2\/types\/page"}],"author":[{"embeddable":true,"href":"https:\/\/www.eppowereurope.cz\/en\/wp-json\/wp\/v2\/users\/16"}],"replies":[{"embeddable":true,"href":"https:\/\/www.eppowereurope.cz\/en\/wp-json\/wp\/v2\/comments?post=1719"}],"version-history":[{"count":0,"href":"https:\/\/www.eppowereurope.cz\/en\/wp-json\/wp\/v2\/pages\/1719\/revisions"}],"wp:featuredmedia":[{"embeddable":true,"href":"https:\/\/www.eppowereurope.cz\/en\/wp-json\/wp\/v2\/media\/1833"}],"wp:attachment":[{"href":"https:\/\/www.eppowereurope.cz\/en\/wp-json\/wp\/v2\/media?parent=1719"}],"curies":[{"name":"wp","href":"https:\/\/api.w.org\/{rel}","templated":true}]}}