{"id":14,"date":"2016-02-19T09:13:30","date_gmt":"2016-02-19T08:13:30","guid":{"rendered":"https:\/\/www.eppowereurope.cz\/?page_id=14"},"modified":"2022-04-05T10:24:01","modified_gmt":"2022-04-05T09:24:01","slug":"contact","status":"publish","type":"page","link":"https:\/\/www.eppowereurope.cz\/en\/contact\/","title":{"rendered":"Contact"},"content":{"rendered":"\n<h2 class=\"wp-block-heading\" style=\"font-size:38px;line-height:1.4\">EP Power Europe, a.\u2009s.<\/h2>\n\n\n\n<div class=\"wp-block-columns is-layout-flex wp-container-core-columns-is-layout-1 wp-block-columns-is-layout-flex\">\n<div class=\"wp-block-column is-layout-flow wp-block-column-is-layout-flow\">\n<p style=\"font-size:18px\">Pa\u0159\u00ed\u017esk\u00e1 26, 110\u00a000\u00a0 Prague 1, Czech Republic<br><a href=\"https:\/\/www.google.cz\/maps\/place\/Pa%C5%99%C3%AD%C5%BEsk%C3%A1+130%2F26,+Josefov,+110+00+Praha-Praha+1\/@50.0904751,14.4168614,17z\/data=!3m1!4b1!4m2!3m1!1s0x470b94e8156727cb:0xf5238c1724c2453b\" target=\"_blank\" rel=\"noreferrer noopener\">Show on map<\/a><\/p>\n\n\n\n<p>+420 232 005 200<br>+ 420 603\u00a0555\u00a0567<br><a href=\"mailto:info@eppowereurope.cz\" target=\"_blank\" rel=\"noreferrer noopener\">info@eppowereurope.cz<\/a><\/p>\n<\/div>\n\n\n\n<div class=\"wp-block-column is-layout-flow wp-block-column-is-layout-flow\">\n<p>Company No.: 27858685<br>Incorporated in the Companies Register<br>maintained by the Municipal\u00a0Court in Prague,<br>Section B, File 21599<br>Pa\u0159\u00ed\u017esk\u00e1 130\/26, 110\u00a000 Prague<\/p>\n<\/div>\n<\/div>\n\n\n\n<div style=\"height:40px\" aria-hidden=\"true\" class=\"wp-block-spacer\"><\/div>\n\n\n\n<h3>\n<hr>\n<\/h3>\n\n\n\n<div style=\"height:40px\" aria-hidden=\"true\" class=\"wp-block-spacer\"><\/div>\n\n\n\n<h4 class=\"wp-block-heading\" style=\"font-size:38px;line-height:1.4\">Press Contact<\/h4>\n\n\n\n<div class=\"wp-block-columns is-layout-flex wp-container-core-columns-is-layout-2 wp-block-columns-is-layout-flex\">\n<div class=\"wp-block-column is-layout-flow wp-block-column-is-layout-flow\">\n<p style=\"font-size:18px\">Daniel \u010castvaj<br><a href=\"tel:+420604211864\">+420\u00a0604\u00a0211\u00a0864<\/a><br><a href=\"mailto:Castvaj@epholding.cz\">castvaj@epholding.cz<\/a><\/p>\n<\/div>\n\n\n\n<div class=\"wp-block-column is-layout-flow wp-block-column-is-layout-flow\">\n<p style=\"font-size:18px\"><\/p>\n<\/div>\n<\/div>\n","protected":false},"excerpt":{"rendered":"<p>EP Power Europe, a.\u2009s. Pa\u0159\u00ed\u017esk\u00e1 26, 110\u00a000\u00a0 Prague 1, Czech RepublicShow on map +420 232 005 200+ 420 603\u00a0555\u00a0567info@eppowereurope.cz Company No.: 27858685Incorporated in the Companies Registermaintained by the Municipal\u00a0Court in Prague,Section B, File 21599Pa\u0159\u00ed\u017esk\u00e1 130\/26, 110\u00a000 Prague Press Contact Daniel \u010castvaj+420\u00a0604\u00a0211\u00a0864castvaj@epholding.cz<\/p>\n","protected":false},"author":16,"featured_media":341,"parent":0,"menu_order":27,"comment_status":"closed","ping_status":"closed","template":"tpl-full-width-nejnizsi.php","meta":{"_acf_changed":false,"_monsterinsights_skip_tracking":false,"_monsterinsights_sitenote_active":false,"_monsterinsights_sitenote_note":"","_monsterinsights_sitenote_category":0,"footnotes":""},"class_list":["post-14","page","type-page","status-publish","has-post-thumbnail","hentry"],"acf":[],"_links":{"self":[{"href":"https:\/\/www.eppowereurope.cz\/en\/wp-json\/wp\/v2\/pages\/14"}],"collection":[{"href":"https:\/\/www.eppowereurope.cz\/en\/wp-json\/wp\/v2\/pages"}],"about":[{"href":"https:\/\/www.eppowereurope.cz\/en\/wp-json\/wp\/v2\/types\/page"}],"author":[{"embeddable":true,"href":"https:\/\/www.eppowereurope.cz\/en\/wp-json\/wp\/v2\/users\/16"}],"replies":[{"embeddable":true,"href":"https:\/\/www.eppowereurope.cz\/en\/wp-json\/wp\/v2\/comments?post=14"}],"version-history":[{"count":11,"href":"https:\/\/www.eppowereurope.cz\/en\/wp-json\/wp\/v2\/pages\/14\/revisions"}],"predecessor-version":[{"id":3480,"href":"https:\/\/www.eppowereurope.cz\/en\/wp-json\/wp\/v2\/pages\/14\/revisions\/3480"}],"wp:featuredmedia":[{"embeddable":true,"href":"https:\/\/www.eppowereurope.cz\/en\/wp-json\/wp\/v2\/media\/341"}],"wp:attachment":[{"href":"https:\/\/www.eppowereurope.cz\/en\/wp-json\/wp\/v2\/media?parent=14"}],"curies":[{"name":"wp","href":"https:\/\/api.w.org\/{rel}","templated":true}]}}